{"id":99,"date":"2022-06-10T21:08:22","date_gmt":"2022-06-10T19:08:22","guid":{"rendered":"https:\/\/wp.wibex.net\/?page_id=99"},"modified":"2022-06-15T10:28:42","modified_gmt":"2022-06-15T08:28:42","slug":"zycica-trwala","status":"publish","type":"page","link":"https:\/\/wibex.net\/index.php\/oferta\/zycica-trwala\/","title":{"rendered":"\u017bycica trwa\u0142a"},"content":{"rendered":"\n<p>Sk\u0142ad bia\u0142ek zapasowych \u017cycicy.<\/p>\n\n\n\n<p>Weryfikacja to\u017csamo\u015bci odmianowej pr\u00f3b \u017cycicy (\u017cel A). Strza\u0142ki wskazuj\u0105 r\u00f3\u017cnice pomi\u0119dzy pr\u00f3b\u0105 badan\u0105 i pr\u00f3b\u0105 wzorcow\u0105<\/p>\n\n\n\n<p>Bia\u0142ka ekstrahowane z po\u0142owy nasiona. Cz\u0119\u015b\u0107 z zarodkiem mo\u017ce by\u0107 wykorzystana do selekcji fenotyp\u00f3w (\u017cel B)<\/p>\n\n\n\n<figure class=\"wp-block-image size-full csomor-image-zoom\"><img loading=\"lazy\" decoding=\"async\" width=\"540\" height=\"750\" src=\"http:\/\/wibex.net\/wp-content\/uploads\/2022\/06\/zycica-pl.jpg\" alt=\"\" class=\"wp-image-227\" srcset=\"https:\/\/wibex.net\/wp-content\/uploads\/2022\/06\/zycica-pl.jpg 540w, https:\/\/wibex.net\/wp-content\/uploads\/2022\/06\/zycica-pl-216x300.jpg 216w\" sizes=\"auto, (max-width: 540px) 100vw, 540px\" \/><\/figure>\n","protected":false},"excerpt":{"rendered":"<p>Sk\u0142ad bia\u0142ek zapasowych \u017cycicy. Weryfikacja to\u017csamo\u015bci odmianowej pr\u00f3b \u017cycicy (\u017cel A). Strza\u0142ki wskazuj\u0105 r\u00f3\u017cnice pomi\u0119dzy pr\u00f3b\u0105 badan\u0105 i pr\u00f3b\u0105 wzorcow\u0105 Bia\u0142ka ekstrahowane z po\u0142owy nasiona. Cz\u0119\u015b\u0107 z zarodkiem mo\u017ce by\u0107 wykorzystana do selekcji fenotyp\u00f3w (\u017cel B)<\/p>\n","protected":false},"author":1,"featured_media":0,"parent":14,"menu_order":9,"comment_status":"closed","ping_status":"closed","template":"","meta":{"footnotes":""},"class_list":["post-99","page","type-page","status-publish","hentry"],"_links":{"self":[{"href":"https:\/\/wibex.net\/index.php\/wp-json\/wp\/v2\/pages\/99","targetHints":{"allow":["GET"]}}],"collection":[{"href":"https:\/\/wibex.net\/index.php\/wp-json\/wp\/v2\/pages"}],"about":[{"href":"https:\/\/wibex.net\/index.php\/wp-json\/wp\/v2\/types\/page"}],"author":[{"embeddable":true,"href":"https:\/\/wibex.net\/index.php\/wp-json\/wp\/v2\/users\/1"}],"replies":[{"embeddable":true,"href":"https:\/\/wibex.net\/index.php\/wp-json\/wp\/v2\/comments?post=99"}],"version-history":[{"count":3,"href":"https:\/\/wibex.net\/index.php\/wp-json\/wp\/v2\/pages\/99\/revisions"}],"predecessor-version":[{"id":568,"href":"https:\/\/wibex.net\/index.php\/wp-json\/wp\/v2\/pages\/99\/revisions\/568"}],"up":[{"embeddable":true,"href":"https:\/\/wibex.net\/index.php\/wp-json\/wp\/v2\/pages\/14"}],"wp:attachment":[{"href":"https:\/\/wibex.net\/index.php\/wp-json\/wp\/v2\/media?parent=99"}],"curies":[{"name":"wp","href":"https:\/\/api.w.org\/{rel}","templated":true}]}}