{"id":94,"date":"2022-06-10T21:08:22","date_gmt":"2022-06-10T19:08:22","guid":{"rendered":"https:\/\/wp.wibex.net\/?page_id=94"},"modified":"2022-06-15T10:27:00","modified_gmt":"2022-06-15T08:27:00","slug":"kukurydza","status":"publish","type":"page","link":"https:\/\/wibex.net\/index.php\/oferta\/kukurydza\/","title":{"rendered":"Kukurydza"},"content":{"rendered":"\n<p>Badanie czysto\u015bci miesza\u0144cowej pr\u00f3by. <\/p>\n\n\n\n<p>Strza\u0142ki wskazuj\u0105 pr\u0105\u017cki linii ojcowskiej, nieobecne w nasionach matecznych. Te pr\u0105\u017cki musz\u0105 wyst\u0105pi\u0107 w nasionach miesza\u0144ca.<\/p>\n\n\n\n<figure class=\"wp-block-image size-full csomor-image-zoom\"><img loading=\"lazy\" decoding=\"async\" width=\"540\" height=\"400\" src=\"http:\/\/wibex.net\/wp-content\/uploads\/2022\/06\/kukurydza-pl.jpg\" alt=\"\" class=\"wp-image-220\" srcset=\"https:\/\/wibex.net\/wp-content\/uploads\/2022\/06\/kukurydza-pl.jpg 540w, https:\/\/wibex.net\/wp-content\/uploads\/2022\/06\/kukurydza-pl-300x222.jpg 300w\" sizes=\"auto, (max-width: 540px) 100vw, 540px\" \/><\/figure>\n","protected":false},"excerpt":{"rendered":"<p>Badanie czysto\u015bci miesza\u0144cowej pr\u00f3by. Strza\u0142ki wskazuj\u0105 pr\u0105\u017cki linii ojcowskiej, nieobecne w nasionach matecznych. Te pr\u0105\u017cki musz\u0105 wyst\u0105pi\u0107 w nasionach miesza\u0144ca.<\/p>\n","protected":false},"author":1,"featured_media":0,"parent":14,"menu_order":5,"comment_status":"closed","ping_status":"closed","template":"","meta":{"footnotes":""},"class_list":["post-94","page","type-page","status-publish","hentry"],"_links":{"self":[{"href":"https:\/\/wibex.net\/index.php\/wp-json\/wp\/v2\/pages\/94","targetHints":{"allow":["GET"]}}],"collection":[{"href":"https:\/\/wibex.net\/index.php\/wp-json\/wp\/v2\/pages"}],"about":[{"href":"https:\/\/wibex.net\/index.php\/wp-json\/wp\/v2\/types\/page"}],"author":[{"embeddable":true,"href":"https:\/\/wibex.net\/index.php\/wp-json\/wp\/v2\/users\/1"}],"replies":[{"embeddable":true,"href":"https:\/\/wibex.net\/index.php\/wp-json\/wp\/v2\/comments?post=94"}],"version-history":[{"count":3,"href":"https:\/\/wibex.net\/index.php\/wp-json\/wp\/v2\/pages\/94\/revisions"}],"predecessor-version":[{"id":564,"href":"https:\/\/wibex.net\/index.php\/wp-json\/wp\/v2\/pages\/94\/revisions\/564"}],"up":[{"embeddable":true,"href":"https:\/\/wibex.net\/index.php\/wp-json\/wp\/v2\/pages\/14"}],"wp:attachment":[{"href":"https:\/\/wibex.net\/index.php\/wp-json\/wp\/v2\/media?parent=94"}],"curies":[{"name":"wp","href":"https:\/\/api.w.org\/{rel}","templated":true}]}}