{"id":6,"date":"2022-06-10T15:37:00","date_gmt":"2022-06-10T13:37:00","guid":{"rendered":"http:\/\/wp.wibex.net\/?page_id=6"},"modified":"2022-06-15T10:06:13","modified_gmt":"2022-06-15T08:06:13","slug":"o-firmie-pl","status":"publish","type":"page","link":"https:\/\/wibex.net\/","title":{"rendered":"O firmie"},"content":{"rendered":"<div class=\"wp-block-image\">\n<figure class=\"alignright size-full\"><img loading=\"lazy\" decoding=\"async\" width=\"192\" height=\"272\" src=\"http:\/\/wibex.net\/wp-content\/uploads\/2022\/06\/111.jpg\" alt=\"\" class=\"wp-image-545\"\/><\/figure>\n<\/div>\n\n\n<p>Laboratorium Elektroforetyczne&nbsp;<span class=\"widelatin\">WIBEX<\/span> jest wiod\u0105cym laboratorium w zakresie elektroforezy bia\u0142ek zapasowych nasion zb\u00f3\u017c, rzepaku, ro\u015blin str\u0105czkowych. Wykonuje tak\u017ce badania aktywno\u015bci enzym\u00f3w amylolitycznych w pojedynczych ziarniakach, decyduj\u0105cych o liczbie opadania w pszen\u017cycie i \u017cycie, a tak\u017ce rozr\u00f3\u017cniania odmian jarych od ozimych.<\/p>\n\n\n\n<p>Laboratorium powsta\u0142o w 1995 roku i oferuje us\u0142ugi w zakresie bada\u0144 elektroforetycznych dla rolnictwa, przemys\u0142u rolno-spo\u017cywczego oraz rolniczych instytucji naukowych.<\/p>\n\n\n\n<p>Procedury elektroforetyczne opracowane w Laboratorium&nbsp;<span class=\"widelatin\">WIBEX<\/span> mog\u0105 by\u0107 stosowane nie tylko w identyfikacji odmian czy badaniu wyr\u00f3wnania elektroforetycznego, lecz tak\u017ce w hodowli ro\u015blin oraz badaniach podstawowych. Nasze procedury oraz stosowany sprz\u0119t umo\u017cliwiaj\u0105 uzyskiwanie najwy\u017cszej jako\u015bci rozdzia\u0142\u00f3w elektroforetycznych. Rezultaty bada\u0144 s\u0105 przekazywane do naszych klient\u00f3w w postaci sprawozdania z bada\u0144 lub te\u017c w postaci wysuszonych i opisanych \u017celi elektroforetycznych. Badanie jest wykonane w czasie nie d\u0142u\u017cszym ni\u017c 7 dni od otrzymania pr\u00f3by. W pilnych przypadkach wynik badania mo\u017ce by\u0107 dost\u0119pny w czasie jednego do dw\u00f3ch dni od otrzymania pr\u00f3by.<\/p>\n\n\n\n<p><span class=\"widelatin\">WIBEX<\/span> gwarantuje absolutn\u0105 poufno\u015b\u0107 wynik\u00f3w bada\u0144.<\/p>\n","protected":false},"excerpt":{"rendered":"<p>Laboratorium Elektroforetyczne&nbsp;WIBEX jest wiod\u0105cym laboratorium w zakresie elektroforezy bia\u0142ek zapasowych nasion zb\u00f3\u017c, rzepaku, ro\u015blin str\u0105czkowych. Wykonuje tak\u017ce badania aktywno\u015bci enzym\u00f3w amylolitycznych w pojedynczych ziarniakach, decyduj\u0105cych o liczbie opadania w pszen\u017cycie i \u017cycie, a tak\u017ce rozr\u00f3\u017cniania odmian jarych od ozimych. Laboratorium powsta\u0142o w 1995 roku i oferuje us\u0142ugi w zakresie bada\u0144 elektroforetycznych dla rolnictwa, przemys\u0142u rolno-spo\u017cywczego &hellip; <a href=\"https:\/\/wibex.net\/\" class=\"more-link\">Czytaj dalej <span class=\"screen-reader-text\">O firmie<\/span> <span class=\"meta-nav\">&rarr;<\/span><\/a><\/p>\n","protected":false},"author":1,"featured_media":0,"parent":0,"menu_order":1,"comment_status":"closed","ping_status":"closed","template":"","meta":{"footnotes":""},"class_list":["post-6","page","type-page","status-publish","hentry"],"_links":{"self":[{"href":"https:\/\/wibex.net\/index.php\/wp-json\/wp\/v2\/pages\/6","targetHints":{"allow":["GET"]}}],"collection":[{"href":"https:\/\/wibex.net\/index.php\/wp-json\/wp\/v2\/pages"}],"about":[{"href":"https:\/\/wibex.net\/index.php\/wp-json\/wp\/v2\/types\/page"}],"author":[{"embeddable":true,"href":"https:\/\/wibex.net\/index.php\/wp-json\/wp\/v2\/users\/1"}],"replies":[{"embeddable":true,"href":"https:\/\/wibex.net\/index.php\/wp-json\/wp\/v2\/comments?post=6"}],"version-history":[{"count":9,"href":"https:\/\/wibex.net\/index.php\/wp-json\/wp\/v2\/pages\/6\/revisions"}],"predecessor-version":[{"id":549,"href":"https:\/\/wibex.net\/index.php\/wp-json\/wp\/v2\/pages\/6\/revisions\/549"}],"wp:attachment":[{"href":"https:\/\/wibex.net\/index.php\/wp-json\/wp\/v2\/media?parent=6"}],"curies":[{"name":"wp","href":"https:\/\/api.w.org\/{rel}","templated":true}]}}