{"id":20,"date":"2022-06-10T15:57:01","date_gmt":"2022-06-10T13:57:01","guid":{"rendered":"http:\/\/wp.wibex.net\/?page_id=20"},"modified":"2022-06-16T18:43:05","modified_gmt":"2022-06-16T16:43:05","slug":"pszenica-pl","status":"publish","type":"page","link":"https:\/\/wibex.net\/index.php\/oferta\/pszenica-pl\/","title":{"rendered":"Pszenica"},"content":{"rendered":"\n<p>Identyfikacja sk\u0142adu wysokocz\u0105steczkowych podjednostek gluteninowych<\/p>\n\n\n\n<p>Identyfikacja translokacji 1RS.1AL oraz 1RS.1BL w nasionach pszenicy<\/p>\n\n\n\n<p>Identyfikacja jako\u015bciowego allelu 1B (6.1+8.1) z&nbsp;<em>T.spelta<\/em><\/p>\n\n\n\n<p>Identyfikacja gatunku&nbsp;<em>Triticum spelta<\/em><\/p>\n\n\n\n<p>Ocena wyr\u00f3wnania linii hodowlanych na podstawie sk\u0142adu bia\u0142ek gliadynowych<\/p>\n\n\n\n<p>Rozr\u00f3\u017cnianie pszenicy jarej od ozimej<\/p>\n\n\n\n<figure class=\"wp-block-image size-full csomor-image-zoom\"><img loading=\"lazy\" decoding=\"async\" width=\"540\" height=\"400\" src=\"http:\/\/wibex.net\/wp-content\/uploads\/2022\/06\/pszenica2.jpg\" alt=\"\" class=\"wp-image-21\" srcset=\"https:\/\/wibex.net\/wp-content\/uploads\/2022\/06\/pszenica2.jpg 540w, https:\/\/wibex.net\/wp-content\/uploads\/2022\/06\/pszenica2-300x222.jpg 300w\" sizes=\"auto, (max-width: 540px) 100vw, 540px\" \/><\/figure>\n","protected":false},"excerpt":{"rendered":"<p>Identyfikacja sk\u0142adu wysokocz\u0105steczkowych podjednostek gluteninowych Identyfikacja translokacji 1RS.1AL oraz 1RS.1BL w nasionach pszenicy Identyfikacja jako\u015bciowego allelu 1B (6.1+8.1) z&nbsp;T.spelta Identyfikacja gatunku&nbsp;Triticum spelta Ocena wyr\u00f3wnania linii hodowlanych na podstawie sk\u0142adu bia\u0142ek gliadynowych Rozr\u00f3\u017cnianie pszenicy jarej od ozimej<\/p>\n","protected":false},"author":1,"featured_media":0,"parent":14,"menu_order":1,"comment_status":"closed","ping_status":"closed","template":"","meta":{"footnotes":""},"class_list":["post-20","page","type-page","status-publish","hentry"],"_links":{"self":[{"href":"https:\/\/wibex.net\/index.php\/wp-json\/wp\/v2\/pages\/20","targetHints":{"allow":["GET"]}}],"collection":[{"href":"https:\/\/wibex.net\/index.php\/wp-json\/wp\/v2\/pages"}],"about":[{"href":"https:\/\/wibex.net\/index.php\/wp-json\/wp\/v2\/types\/page"}],"author":[{"embeddable":true,"href":"https:\/\/wibex.net\/index.php\/wp-json\/wp\/v2\/users\/1"}],"replies":[{"embeddable":true,"href":"https:\/\/wibex.net\/index.php\/wp-json\/wp\/v2\/comments?post=20"}],"version-history":[{"count":23,"href":"https:\/\/wibex.net\/index.php\/wp-json\/wp\/v2\/pages\/20\/revisions"}],"predecessor-version":[{"id":632,"href":"https:\/\/wibex.net\/index.php\/wp-json\/wp\/v2\/pages\/20\/revisions\/632"}],"up":[{"embeddable":true,"href":"https:\/\/wibex.net\/index.php\/wp-json\/wp\/v2\/pages\/14"}],"wp:attachment":[{"href":"https:\/\/wibex.net\/index.php\/wp-json\/wp\/v2\/media?parent=20"}],"curies":[{"name":"wp","href":"https:\/\/api.w.org\/{rel}","templated":true}]}}